{"id":3,"date":"2024-05-28T16:03:11","date_gmt":"2024-05-28T16:03:11","guid":{"rendered":"https:\/\/divinedesign.rs\/?page_id=3"},"modified":"2025-03-05T15:02:26","modified_gmt":"2025-03-05T15:02:26","slug":"privacy-policy","status":"publish","type":"page","link":"https:\/\/divinedesign.rs\/srb\/privacy-policy\/","title":{"rendered":"Privacy Policy"},"content":{"rendered":"\n<h2 class=\"wp-block-heading\">Who we are<\/h2>\n\n\n\n<p>Our website address is: https:\/\/divinedesign.rs.<\/p>\n\n\n\n<p>Adresa na\u0161eg vebsajta je: https:\/\/divinedesign.rs.<\/p>\n\n\n\n<h2 class=\"wp-block-heading\">Comments<\/h2>\n\n\n\n<p>When visitors leave comments on the site we collect the data shown in the comments form, and also the visitor\u2019s IP address and browser user agent string to help spam detection.<\/p>\n\n\n\n<p>An anonymized string created from your email address (also called a hash) may be provided to the Gravatar service to see if you are using it. The Gravatar service privacy policy is available here: https:\/\/automattic.com\/privacy\/. After approval of your comment, your profile picture is visible to the public in the context of your comment.<\/p>\n\n\n\n<p><\/p>\n\n\n\n<p>Kada posetioci ostave komentare na sajtu, prikupljamo podatke prikazane u obrascu za komentare, kao i IP adresu posetioca i string korisni\u010dkog agenta pretra\u017eiva\u010da kako bismo pomogli u otkrivanju ne\u017eeljene po\u0161te.<\/p>\n\n\n\n<p>Anonimizovani string kreiran od va\u0161e adrese e-po\u0161te (koji se naziva i he\u0161) mo\u017ee biti dostavljen Gravatar servisu da se vidi da li ga koristite. Politika privatnosti usluge Gravatar dostupna je ovde: https:\/\/automattic.com\/privaci\/. Nakon odobrenja va\u0161eg komentara, va\u0161a profilna slika je vidljiva javnosti u kontekstu va\u0161eg komentara.<\/p>\n\n\n\n<h2 class=\"wp-block-heading\">Media<\/h2>\n\n\n\n<p>If you upload images to the website, you should avoid uploading images with embedded location data (EXIF GPS) included. Visitors to the website can download and extract any location data from images on the website.<\/p>\n\n\n\n<p>Ako otpremate slike na veb lokaciju, trebalo bi da izbegavate otpremanje slika sa uklju\u010denim podacima o lokaciji (EKSIF GPS). Posetioci veb lokacije mogu da preuzmu i izvuku bilo koje podatke o lokaciji iz slika na veb lokaciji.<\/p>\n\n\n\n<h2 class=\"wp-block-heading\">Cookies<\/h2>\n\n\n\n<p>If you leave a comment on our site you may opt-in to saving your name, email address and website in cookies. These are for your convenience so that you do not have to fill in your details again when you leave another comment. These cookies will last for one year.<\/p>\n\n\n\n<p>If you visit our login page, we will set a temporary cookie to determine if your browser accepts cookies. This cookie contains no personal data and is discarded when you close your browser.<\/p>\n\n\n\n<p>When you log in, we will also set up several cookies to save your login information and your screen display choices. Login cookies last for two days, and screen options cookies last for a year. If you select &#8220;Remember Me&#8221;, your login will persist for two weeks. If you log out of your account, the login cookies will be removed.<\/p>\n\n\n\n<p>If you edit or publish an article, an additional cookie will be saved in your browser. This cookie includes no personal data and simply indicates the post ID of the article you just edited. It expires after 1 day.<\/p>\n\n\n\n<p>Ako ostavite komentar na na\u0161em sajtu, mo\u017eete se odlu\u010diti za \u010duvanje va\u0161eg imena, adrese e-po\u0161te i veb stranice u kola\u010dic\u0301ima. Ovo su radi va\u0161e pogodnosti, tako da ne morate ponovo da popunjavate svoje podatke kada ostavljate drugi komentar. Ovi kola\u010dic\u0301i c\u0301e trajati godinu dana.<\/p>\n\n\n\n<p>Ako posetite na\u0161u stranicu za prijavu, mi c\u0301emo postaviti privremeni kola\u010dic\u0301 da bismo utvrdili da li va\u0161 pretra\u017eiva\u010d prihvata kola\u010dic\u0301e. Ovaj kola\u010dic\u0301 ne sadr\u017ei li\u010dne podatke i odbacuje se kada zatvorite pretra\u017eiva\u010d.<\/p>\n\n\n\n<p>Kada se prijavite, tako\u0111e c\u0301emo postaviti nekoliko kola\u010dic\u0301a da bismo sa\u010duvali va\u0161e podatke za prijavu i izbor prikaza na ekranu. Kola\u010dic\u0301i za prijavu traju dva dana, a kola\u010dic\u0301i sa opcijama ekrana traju godinu dana. Ako izaberete \u201eZapamti me\u201c, va\u0161a prijava c\u0301e trajati dve nedelje. Ako se odjavite sa svog naloga, kola\u010dic\u0301i za prijavu c\u0301e biti uklonjeni.<\/p>\n\n\n\n<p>Ako izmenite ili objavite \u010dlanak, dodatni kola\u010dic\u0301 c\u0301e biti sa\u010duvan u va\u0161em pretra\u017eiva\u010du. Ovaj kola\u010dic\u0301 ne uklju\u010duje li\u010dne podatke i jednostavno ukazuje na ID posta \u010dlanka koji ste upravo uredili. Isti\u010de nakon 1 dana.<\/p>\n\n\n\n<h2 class=\"wp-block-heading\">Embedded content from other websites<\/h2>\n\n\n\n<p>Articles on this site may include embedded content (e.g. videos, images, articles, etc.). Embedded content from other websites behaves in the exact same way as if the visitor has visited the other website.<\/p>\n\n\n\n<p>These websites may collect data about you, use cookies, embed additional third-party tracking, and monitor your interaction with that embedded content, including tracking your interaction with the embedded content if you have an account and are logged in to that website.<\/p>\n\n\n\n<p>\u010clanci na ovom sajtu mogu da sadr\u017ee ugra\u0111eni sadr\u017eaj (npr. video zapise, slike, \u010dlanke itd.). Ugra\u0111eni sadr\u017eaj sa drugih veb lokacija pona\u0161a se na potpuno isti na\u010din kao da je posetilac posetio drugu veb lokaciju.<\/p>\n\n\n\n<p>Ovi veb-sajtovi mogu prikupljati podatke o vama, koristiti kola\u010dic\u0301e, ugra\u0111ivati dodatno prac\u0301enje trec\u0301e strane i nadgledati va\u0161u interakciju sa tim ugra\u0111enim sadr\u017eajem, uklju\u010dujuc\u0301i prac\u0301enje va\u0161e interakcije sa ugra\u0111enim sadr\u017eajem ako imate nalog i prijavljeni ste na tu veb lokaciju.<\/p>\n\n\n\n<h2 class=\"wp-block-heading\">Who we share your data with<\/h2>\n\n\n\n<p><strong class=\"privacy-policy-tutorial\"> <\/strong>If you request a password reset, your IP address will be included in the reset email.<\/p>\n\n\n\n<p>Ako zatra\u017eite resetovanje lozinke, va\u0161a IP adresa c\u0301e biti uklju\u010dena u imejl za resetovanje.<\/p>\n\n\n\n<h2 class=\"wp-block-heading\">How long we retain your data<\/h2>\n\n\n\n<p>If you leave a comment, the comment and its metadata are retained indefinitely. This is so we can recognize and approve any follow-up comments automatically instead of holding them in a moderation queue.<\/p>\n\n\n\n<p>For users that register on our website (if any), we also store the personal information they provide in their user profile. All users can see, edit, or delete their personal information at any time (except they cannot change their username). Website administrators can also see and edit that information.<\/p>\n\n\n\n<p>Ako ostavite komentar, komentar i njegovi metapodaci se zadr\u017eavaju neograni\u010deno. Ovo je tako da mo\u017eemo automatski prepoznati i odobriti sve naknadne komentare umesto da ih dr\u017eimo u redu za moderiranje.<\/p>\n\n\n\n<p>Za korisnike koji se registruju na na\u0161oj veb stranici (ako ih ima), tako\u0111e \u010duvamo li\u010dne podatke koje oni daju u svom korisni\u010dkom profilu. Svi korisnici mogu da vide, izmene ili obri\u0161u svoje li\u010dne podatke u bilo kom trenutku (osim \u0161to ne mogu da promene svoje korisni\u010dko ime). Administratori veb lokacija tako\u0111e mogu da vide i ure\u0111uju te informacije.<\/p>\n\n\n\n<h2 class=\"wp-block-heading\">What rights you have over your data<\/h2>\n\n\n\n<p>If you have an account on this site, or have left comments, you can request to receive an exported file of the personal data we hold about you, including any data you have provided to us. You can also request that we erase any personal data we hold about you. This does not include any data we are obliged to keep for administrative, legal, or security purposes.<\/p>\n\n\n\n<p>Ako imate nalog na ovoj veb lokaciji ili ste ostavili komentare, mo\u017eete zatra\u017eiti da dobijete izvezenu datoteku li\u010dnih podataka koje \u010duvamo o vama, uklju\u010dujuc\u0301i sve podatke koje ste nam dostavili. Tako\u0111e mo\u017eete zahtevati da izbri\u0161emo sve li\u010dne podatke koje imamo o vama. Ovo ne uklju\u010duje podatke koje smo u obavezi da \u010duvamo u administrativne, pravne ili bezbednosne svrhe.<\/p>\n\n\n\n<h2 class=\"wp-block-heading\">Where your data is sent<\/h2>\n\n\n\n<p><strong class=\"privacy-policy-tutorial\"> <\/strong>Visitor comments may be checked through an automated spam detection service.<\/p>\n\n\n\n<p>Komentari posetilaca se mogu proveriti putem automatizovane usluge za otkrivanje ne\u017eeljene po\u0161te.<\/p>\n\n\n\n<h2 class=\"wp-block-heading\">DELIVERY AND STATUTE OF KNOWN LIMITATIONS<\/h2>\n\n\n\n<p><br>As each country defines the Laws about trade of goods and services, it may happen that INDEPENDENT OF US, some services calculate additional costs for our goods and services, (costs of postage, opening and control of packages, customs, re-delivery, change of delivery address etc. The recommendation is that before ordering the goods, check whether there are any special prohibitions for the country from which the order is placed. All costs according to the above, are responsibility of client.<\/p>\n\n\n\n<p>S obzirom da svaka zemlja defini\u0161e Zakone o prometu roba i usluga, mo\u017ee se dogoditi da&nbsp;NEZAVISNO OD NAS&nbsp;neke slu\u017ebe obra\u010dunaju dodatne tro\u0161kove na na\u0161u robu i usluge, (tro\u0161kove po\u0161tarine, otvaranja i kontrole paketa, carine, ponovne dostave, promene adrese dostave i sli\u010dno).Preporuka je da se pre poru\u010divanja robe proveri da li postoje posebne zabrane za zemlju iz koje se porud\u017ebina obavlja. Sve tro\u0161kove po navedenom, snosi kupac<\/p>\n\n\n\n<h2 class=\"wp-block-heading\">DATA PROTECTION DURING FINANCIAL TRANSACTIONS<\/h2>\n\n\n\n<p>Ukoliko ste robu kupili&nbsp;u online prodavnici, prilikom preuzimanja po\u0161iljke molimo Vas da u prisustvu kurira proverite svoj paket. Ukoliko na njemu ima vidljivih o\u0161te\u0107enja (pocepani delovi i ugnje\u010denje) paket ne bi trebalo da preuzmete. U ovom slu\u010daju molimo Vas da nas pozovite telefonom na broj +381 62442483.&nbsp; U najkra\u0107em mogu\u0107em roku obavesti\u0107emo Vas o daljem postupanju.<\/p>\n\n\n\n<p>Ukoliko ste primili po\u0161iljku i nakon otvaranja kutije ustanovili da isporu\u010dena roba ne odgovara naru\u010denoj ili podaci na ra\u010dunu nisu odgovaraju\u0107i, molimo Vas da nas kontaktirate najkasnije u roku od 24h od trenutka prijema po\u0161iljke.<br>Ukoliko se na kupljenom proizvodu pojave neusagla\u0161enosti u smislu odredbi Zakona o za\u0161titi potro\u0161a\u010da, molimo Vas da nas kontaktirate.<br>U najkra\u0107em mogu\u0107em roku, a najkasnije u roku od 14 dana od dana prijema reklamacije pisanim putem ili elektronskim, odgovori\u0107emo Vam na ulo\u017eenu reklamaciju i obavesti\u0107emo Vas o daljem postupanju. Rok za re\u0161avanje reklamacije je 14 Dana od trenutka podno\u0161enja iste.<br>U slu\u010daju vra\u0107anja robe kupcu koji je prethodno robu platio kuriru tj. pouze\u0107em, tro\u0161kove vra\u0107anja robe ne snosi ( ime trgovca), ve\u0107 tro\u0161ak pada na teret kupca.<\/p>\n\n\n\n<p>If you bought the goods in an online store, when picking up the shipment, please check your package in the presence of the courier. If there are visible damages on it (torn parts and crushing), you should not take the package. In this case, please call us by phone at +381 62442483. We will inform you about further action as soon as possible.<\/p>\n\n\n\n<p>If you received the shipment and after opening the box found that the delivered goods do not correspond to the ordered ones or the information on the invoice is not correct, please contact us no later than 24 hours after receiving the shipment.<br>If there are non-conformities with the purchased product in terms of the provisions of the Law on Consumer Protection, please contact us.<\/p>\n\n\n\n<p>In the shortest possible time, and at the latest within 14 days from the date of receipt of the complaint in writing or electronically, we will respond to the complaint and inform you about further action. The deadline for resolving the complaint is 14 days from the moment of its submission.<\/p>\n\n\n\n<p>In the case of returning the goods to the buyer who previously paid for the goods to the courier, i.e. cash on delivery, the cost of returning the goods is not borne by (name of the merchant), but the cost is borne by the buyer.<\/p>\n\n\n\n<h2 class=\"wp-block-heading\">REFUNDS<\/h2>\n\n\n\n<p><br>In the case of returning goods and refunding funds to a customer who previously paid with one of the payment cards, in part or in full, and regardless of the reason for the return, [name of IPM] is obliged to make the refund exclusively via VISA, EC\/MC, Maestro and Dinacard payment method, which means that the bank will refund the funds to the payment card user&#8217;s account at the seller&#8217;s request.<\/p>\n\n\n\n<p>U slu\u010daju vra\u0107anja robe i povra\u0107aja sredstava kupcu koji je prethodno platio nekom od platnih kartica, delimi\u010dno ili u celosti, a bez obzira na razlog vra\u0107anja, Divine Design je u obavezi da povra\u0107aj vr\u0161i isklju\u010divo preko VISA, EC\/MC, Maestro i Dinacard metoda pla\u0107anja, \u0161to zna\u010di da \u0107e banka na zahtev prodavca obaviti povra\u0107aj sredstava na ra\u010dun korisnika platne kartice.<\/p>\n\n\n\n<h2 class=\"wp-block-heading\">OTHER INFORMATION OF VALUE<\/h2>\n\n\n\n<p>The method of payment is via payment card. We deliver the product (graphic design) via e-mail service, in the formats requested by the client.<\/p>\n\n\n\n<p>Complaints can be submitted to the e-mail address: divinedesignbeograd@gmail.com. The complaint is considered valid if the product delivered to the e-mail does not correspond to the reason for which the client agreed to buy.<\/p>\n\n\n\n<p>The warranty on the design lasts for 1 year, and under it is considered the possibility of the design being delivered to the client again.<\/p>\n\n\n\n<p>Divine Design undertakes that the digital content created for the client remains and is shared exclusively with the client and the clients to whom it retains the sharing of digital content.<\/p>\n\n\n\n<p>Divine Design is not responsible for the loss of content sent by Divine Design, and the customer reserves the right to resend the content up to one year from the date of creation of the digital content.<\/p>\n\n\n\n<p>Na\u010din pla\u0107anja je putem platne kartice. Proizvod (grafi\u010dki dizajn) dostavljamo putem e-mail usluge, u formatima koje klijent zatra\u017ei. <\/p>\n\n\n\n<p>Reklamacije se mogu dostaviti na e-mail adresu: divinedesignbeograd@gmail.com  . Reklamacija se smatra validnom ukoliko dostavljeni proizvod na e-mail ne odgovara motivu na koji se klijent usaglasio da kupi. <br><br>Garancija na dizajn traje 1 godinu, i pod nju se smatra mogu\u0107nost da dizajn bude ponovo dostavljen klijentu. <br><br>Divine Design se obavezuje da digitalni sadr\u017eaj kreiran za klijenta ostaje i biva razmenjen isklju\u010divo sa klijentom i komitentima kojima on zadr\u017ei deljenje digitalnog sadr\u017eaja. <br><br>Divine Design nije odgovoran za gubitak sadr\u017eaja koji je poslat od strane Divine Design, a kupac zadr\u017eava pravo da ponovo zatra\u017ei slanje sadr\u017eaja do godinu dana od dana izrade digitalnog sadr\u017eaja.<\/p>\n\n\n\n<h2 class=\"wp-block-heading\">BUYER PROTECTION DUE TO COMPLAINTS CAUSED BY CURRENCY DIFFERENCES<\/h2>\n\n\n\n<p>All payments will be effected in Serbian currency \u2013 dinar (RSD). The amount your credit card<br>account will be charged for is obtained through the conversion of the price in shown currency<br>into Serbian dinar according to the current exchange rate of the Serbian National Bank.<br>When charging your credit card, the same amount is converted into your local currency<br>according to the exchange rate of credit card associations\/your issuing bank. As a result of<br>this conversion there is a possibility of a slight difference from the original price stated in our<br>web site and your credit card bank statement. Thank you for your understanding.<\/p>\n\n\n\n<p>Sva pla\u0107anja bi\u0107e izvr\u0161ena u lokalnoj valuti Republike Srbije \u2013 dinar (RSD). Za informativni<br>prikaz cena u drugim valutama koristi se kurs Narodne Banke Srbije. Iznos za koji \u0107e biti<br>zadu\u017eena Va\u0161a platna kartica bi\u0107e izra\u017een u Va\u0161oj lokalnoj valuti kroz konverziju u istu po<br>kursu koji koriste karti\u010darske organizacije\/Va\u0161a banka izdavalac, a koji nama u trenutku<br>transakcije ne mo\u017ee biti poznat. Kao rezultat ove konverzije postoji mogu\u0107nost neznatne<br>razlike od originalne cene navedene na na\u0161em sajtu i one koju mo\u017eete videti na va\u0161em<br>bankovnom izvodu. Hvala Vam na razumevanju.<\/p>\n\n\n\n<h2 class=\"wp-block-heading\">USER PRIVACY PROTECTION<\/h2>\n\n\n\n<p>On behalf of Divine Design, we are committed to protecting the privacy of all our customers. We collect only necessary, basic data about customers\/users and data necessary for business operations and informing users in accordance with good business practices and with the aim of providing quality service. We give customers choices including the ability to decide whether or not they want to be removed from mailing lists used for marketing campaigns. All user\/customer data is strictly stored and is available only to employees who need the data to perform their work. All employees of [store name] (and business partners) are responsible for respecting the principles of privacy protection<\/p>\n\n\n\n<p>U ime Divine Design obavezujemo se da \u0107emo \u010duvati privatnost svih na\u0161ih kupaca. Prikupljamo samo neophodne, osnovne podatke o kupcima\/ korisnicima i podatke neophodne za poslovanje i informisanje korisnika u skladu sa dobrim poslovnim obi\u010dajima i u cilju pru\u017eanja kvalitetne usluge. Dajemo kupcima mogu\u0107nost izbora uklju\u010duju\u0107i mogu\u0107nost odluke da li \u017eele ili ne da se izbri\u0161u sa mailing lista koje se koriste za marketin\u0161ke kampanje. Svi podaci o korisnicima\/kupcima se strogo \u010duvaju i dostupni su samo zaposlenima kojima su ti podaci nu\u017eni za obavljanje posla. Svi zaposleni [ime prodajnog mesta] (i poslovni partneri) odgovorni su za po\u0161tovanje na\u010dela za\u0161tite privatnosti<\/p>\n\n\n\n<p><\/p>\n\n\n\n<p><\/p>\n\n\n\n<p>Divine Design nije obveznik PDV-a.<\/p>\n\n\n\n<p>Divine Design is not liable for VAT.<\/p>\n","protected":false},"excerpt":{"rendered":"<p>Who we are Our website address is: https:\/\/divinedesign.rs. Adresa na\u0161eg vebsajta je: https:\/\/divinedesign.rs. Comments When visitors leave comments on the site we [&hellip;]<\/p>\n","protected":false},"author":1,"featured_media":0,"parent":0,"menu_order":0,"comment_status":"closed","ping_status":"open","template":"","meta":{"footnotes":""},"class_list":["post-3","page","type-page","status-publish","hentry"],"_links":{"self":[{"href":"https:\/\/divinedesign.rs\/srb\/wp-json\/wp\/v2\/pages\/3","targetHints":{"allow":["GET"]}}],"collection":[{"href":"https:\/\/divinedesign.rs\/srb\/wp-json\/wp\/v2\/pages"}],"about":[{"href":"https:\/\/divinedesign.rs\/srb\/wp-json\/wp\/v2\/types\/page"}],"author":[{"embeddable":true,"href":"https:\/\/divinedesign.rs\/srb\/wp-json\/wp\/v2\/users\/1"}],"replies":[{"embeddable":true,"href":"https:\/\/divinedesign.rs\/srb\/wp-json\/wp\/v2\/comments?post=3"}],"version-history":[{"count":4,"href":"https:\/\/divinedesign.rs\/srb\/wp-json\/wp\/v2\/pages\/3\/revisions"}],"predecessor-version":[{"id":697,"href":"https:\/\/divinedesign.rs\/srb\/wp-json\/wp\/v2\/pages\/3\/revisions\/697"}],"wp:attachment":[{"href":"https:\/\/divinedesign.rs\/srb\/wp-json\/wp\/v2\/media?parent=3"}],"curies":[{"name":"wp","href":"https:\/\/api.w.org\/{rel}","templated":true}]}}